{"id":966,"date":"2017-06-04T14:56:31","date_gmt":"2017-06-04T14:56:31","guid":{"rendered":"https:\/\/deva-europe.org\/page-de-paiement\/"},"modified":"2025-04-12T06:16:45","modified_gmt":"2025-04-12T06:16:45","slug":"page-de-paiement","status":"publish","type":"page","link":"https:\/\/deva-europe.org\/en\/page-de-paiement\/","title":{"rendered":"Payment page"},"content":{"rendered":"<h1>How to make payments to DEVA Europe<\/h1>\n<p>You may pay by check, bu bank transfer or by credit card via Helloasso.<\/p>\n<h2>Payment by check<\/h2>\n<p>Please send your check to the order of &#8220;DEVA Europe&#8221; to 101 Ave de Versailles, 75016 Paris.<\/p>\n<h2>Payment bank transfer &#8211; our preferred method<\/h2>\n<p>Ask your bank to make a regular monthly transfer, which will help us to establish our provisional budget and thus facilitate our management. If you are a European resident, send your donation the the following bank account:<\/p>\n<p>DEVA EUROPE<br \/>\nSoci\u00e9t\u00e9 G\u00e9n\u00e9rale &#8211; Paris Av Versailles<br \/>\nBanque 30003-Agence 03041<br \/>\nIBAN No. FR 76 30003 03100 00037263262 07<br \/>\nSwift SOGEFRPP<\/p>\n<h2>Payment by Helloasso<\/h2>\n<p><a href=\"https:\/\/www.helloasso.com\/associations\/deva-europe\"><img loading=\"lazy\" decoding=\"async\" class=\"alignnone size-full wp-image-962\" src=\"https:\/\/deva-europe.org\/wp-content\/uploads\/2018\/12\/helloasso-67f2c0f.jpg\" alt=\"\" width=\"169\" height=\"37\" \/><\/a><\/p>\n<p>You can also pay by card via Helloasso by clicking on the above logo.<\/p>\n","protected":false},"excerpt":{"rendered":"<p>How to make payments to DEVA Europe You may pay by check, bu bank transfer or by credit card via Helloasso. Payment by check Please send your check to the order of &#8220;DEVA Europe&#8221; to 101 Ave de Versailles, 75016 &hellip; <a href=\"https:\/\/deva-europe.org\/en\/page-de-paiement\/\">Continue reading <span class=\"meta-nav\">&rarr;<\/span><\/a><\/p>\n","protected":false},"author":1,"featured_media":0,"parent":0,"menu_order":0,"comment_status":"closed","ping_status":"closed","template":"","meta":{"footnotes":""},"class_list":["post-966","page","type-page","status-publish","hentry"],"_links":{"self":[{"href":"https:\/\/deva-europe.org\/en\/wp-json\/wp\/v2\/pages\/966","targetHints":{"allow":["GET"]}}],"collection":[{"href":"https:\/\/deva-europe.org\/en\/wp-json\/wp\/v2\/pages"}],"about":[{"href":"https:\/\/deva-europe.org\/en\/wp-json\/wp\/v2\/types\/page"}],"author":[{"embeddable":true,"href":"https:\/\/deva-europe.org\/en\/wp-json\/wp\/v2\/users\/1"}],"replies":[{"embeddable":true,"href":"https:\/\/deva-europe.org\/en\/wp-json\/wp\/v2\/comments?post=966"}],"version-history":[{"count":3,"href":"https:\/\/deva-europe.org\/en\/wp-json\/wp\/v2\/pages\/966\/revisions"}],"predecessor-version":[{"id":1544,"href":"https:\/\/deva-europe.org\/en\/wp-json\/wp\/v2\/pages\/966\/revisions\/1544"}],"wp:attachment":[{"href":"https:\/\/deva-europe.org\/en\/wp-json\/wp\/v2\/media?parent=966"}],"curies":[{"name":"wp","href":"https:\/\/api.w.org\/{rel}","templated":true}]}}