{"id":978,"date":"2018-12-29T11:01:46","date_gmt":"2018-12-29T11:01:46","guid":{"rendered":"https:\/\/deva-europe.org\/?page_id=978"},"modified":"2019-02-10T16:37:58","modified_gmt":"2019-02-10T16:37:58","slug":"lettres-dinformation-de-deva-europe","status":"publish","type":"page","link":"https:\/\/deva-europe.org\/en\/infos\/lettres-dinformation-de-deva-europe\/","title":{"rendered":"Lettres d&#8217;information de Deva-Europe"},"content":{"rendered":"<p>Th\u00e8mes trait\u00e9s dans les lettres d\u2019information annuelles depuis 2000<\/p>\n<p><a href=\"http:\/\/deva-europe.org\/local-docs\/lettres-deva\/lettre-DEVA-1.pdf\">Lettre n\u00b01<\/a>\u00a0: L\u2019histoire des rencontres \u00e0 l\u2019origine de la cr\u00e9ation de Deva Europe.<\/p>\n<p><a href=\"http:\/\/deva-europe.org\/local-docs\/lettres-deva\/lettre-DEVA-2.pdf\">Lettre n\u00b02<\/a>\u00a0: Comment D.I.S.C.C fonctionne gr\u00e2ce au soutien de la fondation cr\u00e9e sur le mod\u00e8le du W.W.F. Elle finance les salaires ainsi que les frais de fonctionnement. L\u2019int\u00e9gralit\u00e9 des dons des membres donateurs de Deva Europe peuvent ainsi \u00eatre attribu\u00e9s \u00e0 la HELP-LINE\u00a0: la ligne d\u2019aide d\u2019urgence.<\/p>\n<p><a href=\"http:\/\/deva-europe.org\/local-docs\/lettres-deva\/lettre-DEVA-3.pdf\">Lettre n\u00b03<\/a>\u00a0: Pr\u00e9sentation de nos diff\u00e9rentes actions.<\/p>\n<p><a href=\"http:\/\/deva-europe.org\/local-docs\/lettres-deva\/lettre-DEVA-4.pdf\">Lettre n\u00b04<\/a>\u00a0: R\u00e9partition du budget.<\/p>\n<p><a href=\"http:\/\/deva-europe.org\/local-docs\/lettres-deva\/lettre-DEVA-5.pdf\">Lettre n\u00b05<\/a>\u00a0: La sp\u00e9cificit\u00e9 de notre mode de parrainage\u00a0: Nous proposons \u00e0 l\u2019enfant d\u00e9sh\u00e9rit\u00e9, une fois devenu m\u00e9decin, plombier ou avocat, de prendre l\u2019engagement moral de parrainer \u00e0 son tour un enfant d\u00e9favoris\u00e9 inconnu, que la vie met sur son chemin et de lui assurer des \u00e9tudes gr\u00e2ce \u00e0 son soutien moral et financier.<\/p>\n<p><a href=\"http:\/\/deva-europe.org\/local-docs\/lettres-deva\/lettre-DEVA-6.pdf\">Lettre n\u00b06<\/a>\u00a0: Compte-rendu d\u2019une \u00e9quipe de scouts Lyonnais venus visiter nos diff\u00e9rentes actions pendant le mois d\u2019ao\u00fbt avant d\u2019int\u00e9grer de grandes \u00e9coles.<\/p>\n<p><a href=\"http:\/\/deva-europe.org\/local-docs\/lettres-deva\/lettre-DEVA-7.pdf\">Lettre n\u00b07\u00a0<\/a>: Entretien avec le Dr Porta, p\u00e9dopsychiatre, apr\u00e8s un mois de s\u00e9jour sur place.<\/p>\n<p><a href=\"http:\/\/deva-europe.org\/local-docs\/lettres-deva\/lettre-DEVA-8.pdf\">Lettre n\u00b08<\/a>\u00a0: Compte rendu d\u2019une \u00e9quipe d\u2019ost\u00e9opathes venus travailler au centre DEVA.<\/p>\n<p><a href=\"http:\/\/deva-europe.org\/local-docs\/lettres-deva\/lettre-DEVA-9.pdf\">Lettre n\u00b09<\/a>\u00a0: Le point de vue holistique d\u2019Alain Chevillat, fondateur de \u00ab\u00a0Terre du ciel\u00a0\u00bb<\/p>\n<p><a href=\"http:\/\/deva-europe.org\/local-docs\/lettres-deva\/lettre-DEVA-10.pdf\">Lettre n\u00b010<\/a>\u00a0: Le point de vue de Doortje (cf. notre site), \u00e9ducatrice dans un centre pour enfants handicap\u00e9s mentaux en Hollande, future repr\u00e9sentante de Deva Europe en Hollande.<\/p>\n<p><a href=\"http:\/\/deva-europe.org\/local-docs\/lettres-deva\/lettre-DEVA-11.pdf\">Lettre n\u00b011<\/a>\u00a0: Le parcours du Dr Tulsi qui est \u00e0 l\u2019origine de nos actions.<\/p>\n<p><a href=\"http:\/\/deva-europe.org\/local-docs\/lettres-deva\/lettre-DEVA-12.pdf\">Lettre n\u00b012<\/a>\u00a0: Le point de vue du Dr Jacques Vigne, fondateur de l\u2019association pour les enfants de B\u00e9nar\u00e8s, qui a pr\u00e9c\u00e9d\u00e9 Deva Europe dans son soutien \u00e0 la D.I.S.C.C (voir <a href=\"http:\/\/deva-europe.org)\">http:\/\/deva-europe.org) <\/a><\/p>\n<p><a href=\"http:\/\/deva-europe.org\/local-docs\/lettres-deva\/lettre-DEVA-13.pdf\">Lettre n\u00b013<\/a>\u00a0: Panchakot House\u00a0: notre lieu d\u2019accueil sur le Gange mis \u00e0 disposition des membres donateurs.<\/p>\n<p><a href=\"http:\/\/deva-europe.org\/local-docs\/lettres-deva\/lettre-DEVA-14.pdf\">Lettre n\u00b014<\/a>\u00a0: Le regard de la marraine d\u2019un de nos enfants C.E.P apr\u00e8s sa visite \u00e0 B\u00e9nar\u00e8s.<\/p>\n<p><a href=\"http:\/\/deva-europe.org\/local-docs\/lettres-deva\/lettre-DEVA-15.pdf\">Lettre n\u00b015<\/a>\u00a0: Le t\u00e9moignage du Dr Canal, p\u00e9diatre repr\u00e9sentant Deva Europe \u00e0 Dole.<\/p>\n<p><a href=\"http:\/\/deva-europe.org\/local-docs\/lettres-deva\/lettre-DEVA-16.pdf\">Lettre n\u00b016<\/a>\u00a0: Pr\u00e9sentation de notre site internet <a href=\"http:\/\/deva-europe.org\/\">http:\/\/deva-europe.org <\/a><\/p>\n<p><a href=\"http:\/\/deva-europe.org\/local-docs\/lettres-deva\/lettre-DEVA-17.pdf\">Lettre n\u00b017\u00a0<\/a>: La d\u00e9couverte d\u2019un drame humain et ses implications dans nos actions.<\/p>\n<p><a href=\"http:\/\/deva-europe.org\/local-docs\/lettres-deva\/lettre-DEVA-18.pdf\">Lettre n\u00b018<\/a>\u00a0: La premi\u00e8re station d\u2019\u00e9puration priv\u00e9e et le point de vue du journaliste J.Ben Cramer.<\/p>\n<p><a href=\"http:\/\/deva-europe.org\/local-docs\/lettres-deva\/lettre-DEVA-19.pdf\">Lettre n\u00b019<\/a>\u00a0: Compte-rendu de la visite de deux femmes, l\u2019une docteur en pharmacie et l\u2019autre repr\u00e9sentante d\u2019Enfance et Partage, notre fid\u00e8le soutien. Notre action contre la malaria (distribution de moustiquaires).<\/p>\n<p><a href=\"http:\/\/deva-europe.org\/local-docs\/lettres-deva\/lettre-DEVA-20.pdf\">Lettre n\u00b020<\/a>\u00a0: Constitution d\u2019une nouvelle antenne et d\u2019une \u00e9quipe \u00e0 Nice et leurs actions sur place.<\/p>\n<p><a href=\"http:\/\/deva-europe.org\/local-docs\/lettres-deva\/lettre-DEVA-21.pdf\">Lettre n\u00b021<\/a>\u00a0: Pr\u00e9sentation des missions m\u00e9dicales organis\u00e9es par l\u2019\u00e9quipe de Nice et des projets \u00e0 venir.<\/p>\n<p><a href=\"http:\/\/deva-europe.org\/local-docs\/lettres-deva\/lettre-DEVA-22.pdf\">Lettre n\u00b022\u00a0<\/a>: R\u00e9alisations et objectifs de l\u2019\u00e9quipe de Nice pour un recentrage sur le handicap mental.<\/p>\n<p><a href=\"http:\/\/deva-europe.org\/local-docs\/lettres-deva\/lettre-DEVA-23.pdf\">Lettre n\u00b023<\/a>\u00a0: Les changements de 2015\u00a0: fermeture de Gangotri et Ambedkar. Les nouveaux parrainages seront collectifs. Recentrage sur le centre des handicap\u00e9s mentaux.<\/p>\n<p><a href=\"http:\/\/deva-europe.org\/local-docs\/lettres-deva\/lettre-DEVA-24.pdf\">Lettre n\u00b024<\/a>\u00a0: Constitution d\u2019une nouvelle \u00e9quipe \u00e0 Blandas. Etude pratique des objectifs atteints par la D.I.S.C.C afin de cr\u00e9er un centre de r\u00e9f\u00e9rence en Inde dans le handicap mental. Les \u00e9v\u00e9nements de 2015-2016.<\/p>\n<p><a href=\"http:\/\/deva-europe.org\/local-docs\/lettres-deva\/lettre-DEVA-25.pdf\">Lettre n\u00b025<\/a> : Les \u00e9v\u00e9nements de l\u2019ann\u00e9e &gt;&gt; d\u00e9localisation du si\u00e8ge social\u00a0; la retraite pour les employ\u00e9s\u00a0; le magic show de l\u2019Abb\u00e9 Slim.<\/p>\n<p><a href=\"http:\/\/deva-europe.org\/local-docs\/lettres-deva\/lettre-DEVA-26.pdf\">Lettre n<sup>o<\/sup> 26<\/a> : Les activit\u00e9s d\u2019Act &amp; Help reprises par la fondation Deva en Inde. L\u2019Aide \u00e0 l\u2019\u00e9cole du Dr Jacques Vigne. <\/p>\n","protected":false},"excerpt":{"rendered":"<p>Th\u00e8mes trait\u00e9s dans les lettres d\u2019information annuelles depuis 2000 Lettre n\u00b01\u00a0: L\u2019histoire des rencontres \u00e0 l\u2019origine de la cr\u00e9ation de Deva Europe. Lettre n\u00b02\u00a0: Comment D.I.S.C.C fonctionne gr\u00e2ce au soutien de la fondation cr\u00e9e sur le mod\u00e8le du W.W.F. Elle &hellip; <a href=\"https:\/\/deva-europe.org\/en\/infos\/lettres-dinformation-de-deva-europe\/\">Continue reading <span class=\"meta-nav\">&rarr;<\/span><\/a><\/p>\n","protected":false},"author":1,"featured_media":0,"parent":397,"menu_order":1,"comment_status":"closed","ping_status":"closed","template":"","meta":{"footnotes":""},"class_list":["post-978","page","type-page","status-publish","hentry"],"_links":{"self":[{"href":"https:\/\/deva-europe.org\/en\/wp-json\/wp\/v2\/pages\/978","targetHints":{"allow":["GET"]}}],"collection":[{"href":"https:\/\/deva-europe.org\/en\/wp-json\/wp\/v2\/pages"}],"about":[{"href":"https:\/\/deva-europe.org\/en\/wp-json\/wp\/v2\/types\/page"}],"author":[{"embeddable":true,"href":"https:\/\/deva-europe.org\/en\/wp-json\/wp\/v2\/users\/1"}],"replies":[{"embeddable":true,"href":"https:\/\/deva-europe.org\/en\/wp-json\/wp\/v2\/comments?post=978"}],"version-history":[{"count":1,"href":"https:\/\/deva-europe.org\/en\/wp-json\/wp\/v2\/pages\/978\/revisions"}],"predecessor-version":[{"id":1039,"href":"https:\/\/deva-europe.org\/en\/wp-json\/wp\/v2\/pages\/978\/revisions\/1039"}],"up":[{"embeddable":true,"href":"https:\/\/deva-europe.org\/en\/wp-json\/wp\/v2\/pages\/397"}],"wp:attachment":[{"href":"https:\/\/deva-europe.org\/en\/wp-json\/wp\/v2\/media?parent=978"}],"curies":[{"name":"wp","href":"https:\/\/api.w.org\/{rel}","templated":true}]}}